{"id":2,"date":"2010-06-05T20:31:50","date_gmt":"2010-06-05T20:31:50","guid":{"rendered":"http:\/\/www.potsdamer-juristische-gesellschaft.de\/?page_id=2"},"modified":"2012-11-13T18:10:57","modified_gmt":"2012-11-13T18:10:57","slug":"home","status":"publish","type":"page","link":"https:\/\/www.potsdamer-juristische-gesellschaft.de\/index.php\/home\/","title":{"rendered":"Potsdamer Juristische Gesellschaft e.V."},"content":{"rendered":"<p>Der Verein will Juristen aller Berufsrichtungen miteinander ins Gespr\u00e4ch bringen und damit ein Forum f\u00fcr den Gedankenaustausch \u00fcber aktuelle rechtliche, rechtspolitische und allgemein interessierende Fragen bieten. Der Verein verfolgt ausschlie\u00dflich Bildungszwecke, nicht aber die F\u00f6rderung beruflicher Interessen der Mitglieder. Zu diesem Zweck sollen vor allem allgemein zug\u00e4ngliche <a href=\"https:\/\/www.potsdamer-juristische-gesellschaft.de\/index.php\/vortragsuebersicht\/\">Vortragsveranstaltungen<\/a> stattfinden, die den Mitgliedern und interessierten G\u00e4sten fachliche und fach\u00fcbergreifende Anregungen vermitteln und sie an den Kenntnissen und Erfahrungen anderer partizipieren lassen.<\/p>\n","protected":false},"excerpt":{"rendered":"<p>Der Verein will Juristen aller Berufsrichtungen miteinander ins Gespr\u00e4ch bringen und damit ein Forum f\u00fcr den Gedankenaustausch \u00fcber aktuelle rechtliche, rechtspolitische und allgemein interessierende Fragen bieten. Der Verein verfolgt ausschlie\u00dflich Bildungszwecke, nicht aber die F\u00f6rderung beruflicher Interessen der Mitglieder. Zu diesem Zweck sollen vor allem allgemein zug\u00e4ngliche Vortragsveranstaltungen stattfinden, die den Mitgliedern und interessierten G\u00e4sten [&hellip;]<\/p>\n","protected":false},"author":1,"featured_media":0,"parent":0,"menu_order":0,"comment_status":"open","ping_status":"open","template":"","meta":{"footnotes":""},"_links":{"self":[{"href":"https:\/\/www.potsdamer-juristische-gesellschaft.de\/index.php\/wp-json\/wp\/v2\/pages\/2"}],"collection":[{"href":"https:\/\/www.potsdamer-juristische-gesellschaft.de\/index.php\/wp-json\/wp\/v2\/pages"}],"about":[{"href":"https:\/\/www.potsdamer-juristische-gesellschaft.de\/index.php\/wp-json\/wp\/v2\/types\/page"}],"author":[{"embeddable":true,"href":"https:\/\/www.potsdamer-juristische-gesellschaft.de\/index.php\/wp-json\/wp\/v2\/users\/1"}],"replies":[{"embeddable":true,"href":"https:\/\/www.potsdamer-juristische-gesellschaft.de\/index.php\/wp-json\/wp\/v2\/comments?post=2"}],"version-history":[{"count":4,"href":"https:\/\/www.potsdamer-juristische-gesellschaft.de\/index.php\/wp-json\/wp\/v2\/pages\/2\/revisions"}],"predecessor-version":[{"id":532,"href":"https:\/\/www.potsdamer-juristische-gesellschaft.de\/index.php\/wp-json\/wp\/v2\/pages\/2\/revisions\/532"}],"wp:attachment":[{"href":"https:\/\/www.potsdamer-juristische-gesellschaft.de\/index.php\/wp-json\/wp\/v2\/media?parent=2"}],"curies":[{"name":"wp","href":"https:\/\/api.w.org\/{rel}","templated":true}]}}