{"id":59,"date":"2010-06-05T21:49:16","date_gmt":"2010-06-05T21:49:16","guid":{"rendered":"http:\/\/www.potsdamer-juristische-gesellschaft.de\/?page_id=59"},"modified":"2025-10-27T22:36:20","modified_gmt":"2025-10-27T21:36:20","slug":"vorstand","status":"publish","type":"page","link":"https:\/\/www.potsdamer-juristische-gesellschaft.de\/index.php\/verein\/vorstand\/","title":{"rendered":"Vorstand"},"content":{"rendered":"<p><strong>Vorsitzende:<\/strong><br \/>\nBettina Leetz, Richterin am Amtsgericht Potsdam a.D.<\/p>\n<p><strong>1. stellvertretender Vorsitzender:<\/strong><br \/>\nDr. Holger Matthiessen, Pr\u00e4sident des Landgerichts Potsdam<\/p>\n<p><strong>2. stellvertretender Vorsitzender:<\/strong><br \/>\nDr. Jan Bodanowitz, Ministerialdirigent, Ministerium der Justiz und f\u00fcr Digitalisierung<\/p>\n<p><strong>weitere Vorstandsmitglieder:<\/strong><br \/>\n<a href=\"https:\/\/www.uni-potsdam.de\/norbert-janz\/index.html\" target=\"_blank\" rel=\"noopener noreferrer\">apl. Prof. Dr. Norbert Janz, Landesrechnungshof Brandenburg<\/a><br \/>\nDr. Wilfried Peters, Ministerialdirigent, Ministerium des Innern und f\u00fcr Kommunales<\/p>\n<p><strong>Schatzmeister:<\/strong><br \/>\n<a href=\"https:\/\/www.hornundengel.de\/rechtsanwalt-dr-dirk-engel.html\" target=\"_blank\" rel=\"noopener noreferrer\">Rechtsanwalt Dr. Dirk Engel<\/a><\/p>\n<p><strong>Schriftf\u00fchrer:<\/strong><br \/>\n<a href=\"http:\/\/www.becker-anwaltskanzlei.de\/rechtsanwaelte\/thomas-becker-ll-m.html\" target=\"_blank\" rel=\"noopener noreferrer\">Rechtsanwalt Thomas Becker, LL.M. (Manchester)<\/a><\/p>\n<p><strong>Beirat:<\/strong><br \/>\nProf. Dr. Eckart Klein, Universit\u00e4t Potsdam<br \/>\nRechtsanw\u00e4ltin Kerstin Mock<br \/>\nRechtsanw\u00e4ltin Dr. Margarete M\u00fchl-J\u00e4ckel, LL.M. (Harvard)<br \/>\nRechtsanwalt Prof. Dr. Klaus Herrmann<br \/>\nClaus Peter Ladner, Pr\u00e4sident des Verwaltungsgerichts Potsdam a.D.<br \/>\nDr. Katharina Lubitzsch<\/p>\n","protected":false},"excerpt":{"rendered":"<p>Vorsitzende: Bettina Leetz, Richterin am Amtsgericht Potsdam a.D. 1. stellvertretender Vorsitzender: Dr. Holger Matthiessen, Pr\u00e4sident des Landgerichts Potsdam 2. stellvertretender Vorsitzender: Dr. Jan Bodanowitz, Ministerialdirigent, Ministerium der Justiz und f\u00fcr Digitalisierung weitere Vorstandsmitglieder: apl. Prof. Dr. Norbert Janz, Landesrechnungshof Brandenburg Dr. Wilfried Peters, Ministerialdirigent, Ministerium des Innern und f\u00fcr Kommunales Schatzmeister: Rechtsanwalt Dr. Dirk Engel [&hellip;]<\/p>\n","protected":false},"author":1,"featured_media":0,"parent":4,"menu_order":1,"comment_status":"closed","ping_status":"open","template":"","meta":{"footnotes":""},"_links":{"self":[{"href":"https:\/\/www.potsdamer-juristische-gesellschaft.de\/index.php\/wp-json\/wp\/v2\/pages\/59"}],"collection":[{"href":"https:\/\/www.potsdamer-juristische-gesellschaft.de\/index.php\/wp-json\/wp\/v2\/pages"}],"about":[{"href":"https:\/\/www.potsdamer-juristische-gesellschaft.de\/index.php\/wp-json\/wp\/v2\/types\/page"}],"author":[{"embeddable":true,"href":"https:\/\/www.potsdamer-juristische-gesellschaft.de\/index.php\/wp-json\/wp\/v2\/users\/1"}],"replies":[{"embeddable":true,"href":"https:\/\/www.potsdamer-juristische-gesellschaft.de\/index.php\/wp-json\/wp\/v2\/comments?post=59"}],"version-history":[{"count":37,"href":"https:\/\/www.potsdamer-juristische-gesellschaft.de\/index.php\/wp-json\/wp\/v2\/pages\/59\/revisions"}],"predecessor-version":[{"id":1134,"href":"https:\/\/www.potsdamer-juristische-gesellschaft.de\/index.php\/wp-json\/wp\/v2\/pages\/59\/revisions\/1134"}],"up":[{"embeddable":true,"href":"https:\/\/www.potsdamer-juristische-gesellschaft.de\/index.php\/wp-json\/wp\/v2\/pages\/4"}],"wp:attachment":[{"href":"https:\/\/www.potsdamer-juristische-gesellschaft.de\/index.php\/wp-json\/wp\/v2\/media?parent=59"}],"curies":[{"name":"wp","href":"https:\/\/api.w.org\/{rel}","templated":true}]}}