{"id":64,"date":"2010-06-05T21:50:32","date_gmt":"2010-06-05T21:50:32","guid":{"rendered":"http:\/\/www.potsdamer-juristische-gesellschaft.de\/?page_id=64"},"modified":"2011-04-03T13:26:24","modified_gmt":"2011-04-03T13:26:24","slug":"mitgliedschaft","status":"publish","type":"page","link":"https:\/\/www.potsdamer-juristische-gesellschaft.de\/index.php\/verein\/mitgliedschaft\/","title":{"rendered":"Mitgliedschaft"},"content":{"rendered":"<p>Mitglied des Vereins kann jeder werden, der eine juristische Ausbildung abgeschlossen oder einen juristischen akademischen Grad erworben hat. Studenten der Rechtswissenschaft sind als G\u00e4ste willkommen.<\/p>\n<p>Andere an der Rechtswissenschaft und ihrer F\u00f6rderung interessierte nat\u00fcrliche und juristische Personen aus Wirtschaft, Politik und Gesellschaft k\u00f6nnen ausgenommen werden, wenn dies dem Gesellschaftszweck dient.<\/p>\n<p>\u00dcber den Aufnahmeantrag beschlie\u00dft der Vorstand.<\/p>\n<p>Der Verein erhebt einen j\u00e4hrlichen Mitgliedsbeitrag, dessen H\u00f6he die Mitgliederversammlung festlegt. Er ist am 1. Januar eines Jahres f\u00e4llig und im Voraus zu leisten.<\/p>\n<p>F\u00fcr das bei Eintritt laufende Gesch\u00e4ftsjahr ist der volle Beitrag zu entrichten.<\/p>\n<p>Die Mitgliedschaft berechtigt zur Teilnahme an den Veranstaltungen des Vereins und verleiht Stimmrecht in der Versammlung. Das Stimmrecht ist nicht \u00fcbertragbar.<\/p>\n","protected":false},"excerpt":{"rendered":"<p>Mitglied des Vereins kann jeder werden, der eine juristische Ausbildung abgeschlossen oder einen juristischen akademischen Grad erworben hat. Studenten der Rechtswissenschaft sind als G\u00e4ste willkommen. Andere an der Rechtswissenschaft und ihrer F\u00f6rderung interessierte nat\u00fcrliche und juristische Personen aus Wirtschaft, Politik und Gesellschaft k\u00f6nnen ausgenommen werden, wenn dies dem Gesellschaftszweck dient. \u00dcber den Aufnahmeantrag beschlie\u00dft der [&hellip;]<\/p>\n","protected":false},"author":1,"featured_media":0,"parent":4,"menu_order":2,"comment_status":"closed","ping_status":"open","template":"","meta":{"footnotes":""},"_links":{"self":[{"href":"https:\/\/www.potsdamer-juristische-gesellschaft.de\/index.php\/wp-json\/wp\/v2\/pages\/64"}],"collection":[{"href":"https:\/\/www.potsdamer-juristische-gesellschaft.de\/index.php\/wp-json\/wp\/v2\/pages"}],"about":[{"href":"https:\/\/www.potsdamer-juristische-gesellschaft.de\/index.php\/wp-json\/wp\/v2\/types\/page"}],"author":[{"embeddable":true,"href":"https:\/\/www.potsdamer-juristische-gesellschaft.de\/index.php\/wp-json\/wp\/v2\/users\/1"}],"replies":[{"embeddable":true,"href":"https:\/\/www.potsdamer-juristische-gesellschaft.de\/index.php\/wp-json\/wp\/v2\/comments?post=64"}],"version-history":[{"count":4,"href":"https:\/\/www.potsdamer-juristische-gesellschaft.de\/index.php\/wp-json\/wp\/v2\/pages\/64\/revisions"}],"predecessor-version":[{"id":108,"href":"https:\/\/www.potsdamer-juristische-gesellschaft.de\/index.php\/wp-json\/wp\/v2\/pages\/64\/revisions\/108"}],"up":[{"embeddable":true,"href":"https:\/\/www.potsdamer-juristische-gesellschaft.de\/index.php\/wp-json\/wp\/v2\/pages\/4"}],"wp:attachment":[{"href":"https:\/\/www.potsdamer-juristische-gesellschaft.de\/index.php\/wp-json\/wp\/v2\/media?parent=64"}],"curies":[{"name":"wp","href":"https:\/\/api.w.org\/{rel}","templated":true}]}}