{"id":8,"date":"2010-06-05T20:55:00","date_gmt":"2010-06-05T20:55:00","guid":{"rendered":"http:\/\/www.potsdamer-juristische-gesellschaft.de\/?page_id=8"},"modified":"2025-02-06T09:59:09","modified_gmt":"2025-02-06T09:59:09","slug":"impressum","status":"publish","type":"page","link":"https:\/\/www.potsdamer-juristische-gesellschaft.de\/index.php\/impressum\/","title":{"rendered":"Impressum"},"content":{"rendered":"<p><strong>Pflichtangaben nach \u00a7 5 Telemediengesetz (TMG)<\/strong><\/p>\n<p>Potsdamer Juristische Gesellschaft e.V.<br \/>\nc\/o Pr\u00e4sident des Landgerichts Potsdam<br \/>\nJ\u00e4gerallee 10-12<br \/>\n14469 Potsdam<\/p>\n<p><!-- Tel.: +49 331 2017-2602 \/\/--><br \/>\nE-Mail: <a href=\"mailto:pjg@potsdamer-juristische-gesellschaft.de\">pjg@potsdamer-juristische-gesellschaft.de<\/a><\/p>\n<p>Vorsitzende: Bettina Leetz<\/p>\n<p>Vereinsregister Potsdam: 1362P<\/p>\n<p><strong>Bildnachweis:<\/strong><br \/>\n#21892740 ArTo \/ Fotolia<\/p>\n<p><strong>Hinweis zum Haftungsausschluss<\/strong><\/p>\n<p>Es wurden alle Anstrengungen unternommen, um die Richtigkeit der auf dieser Website enthaltenen Informationen und Links zu gew\u00e4hrleisten. Jede Haftung im Zusammenhang mit der Nutzung der Informationen, der Links oder dem Vertrauen auf deren Richtigkeit ist ausgeschlossen. Angebote, so sie gemacht werden, sind unverbindlich.<\/p>\n<p>Die Potsdamer Juristische Gesellschaft e.V. beh\u00e4lt sich vor, jederzeit ohne vorherige Ank\u00fcndigung Angebote zu \u00e4ndern oder die Ver\u00f6ffentlichungen einzustellen. Es wird keine Verantwortung f\u00fcr Ma\u00dfnahmen \u00fcbernommen, die auf der Grundlage der Informationen dieser Website ergriffen werden.<\/p>\n<p>Das Urheberrecht an Inhalten, Bildern, Grafiken sowie das Layout dieser Webseite steht der Potsdamer Juristische Gesellschaft e.V. zu, oder demjenigen der der Potsdamer Juristische Gesellschaft e.V. ein entsprechendes Nutzungsrecht einger\u00e4umt hat.<\/p>\n<p><strong>Datenschutzerkl\u00e4rung<\/strong><br \/>\nUnsere Datenschutzerkl\u00e4rung gem\u00e4\u00df DSGVO finden Sie an dieser Stelle:<br \/>\n<a href=\"https:\/\/www.potsdamer-juristische-gesellschaft.de\/index.php\/datenschutz\/\">https:\/\/www.potsdamer-juristische-gesellschaft.de\/index.php\/datenschutz\/<\/a><\/p>\n","protected":false},"excerpt":{"rendered":"<p>Pflichtangaben nach \u00a7 5 Telemediengesetz (TMG) Potsdamer Juristische Gesellschaft e.V. c\/o Pr\u00e4sident des Landgerichts Potsdam J\u00e4gerallee 10-12 14469 Potsdam E-Mail: pjg@potsdamer-juristische-gesellschaft.de Vorsitzende: Bettina Leetz Vereinsregister Potsdam: 1362P Bildnachweis: #21892740 ArTo \/ Fotolia Hinweis zum Haftungsausschluss Es wurden alle Anstrengungen unternommen, um die Richtigkeit der auf dieser Website enthaltenen Informationen und Links zu gew\u00e4hrleisten. Jede Haftung [&hellip;]<\/p>\n","protected":false},"author":1,"featured_media":0,"parent":0,"menu_order":4,"comment_status":"closed","ping_status":"open","template":"","meta":{"footnotes":""},"_links":{"self":[{"href":"https:\/\/www.potsdamer-juristische-gesellschaft.de\/index.php\/wp-json\/wp\/v2\/pages\/8"}],"collection":[{"href":"https:\/\/www.potsdamer-juristische-gesellschaft.de\/index.php\/wp-json\/wp\/v2\/pages"}],"about":[{"href":"https:\/\/www.potsdamer-juristische-gesellschaft.de\/index.php\/wp-json\/wp\/v2\/types\/page"}],"author":[{"embeddable":true,"href":"https:\/\/www.potsdamer-juristische-gesellschaft.de\/index.php\/wp-json\/wp\/v2\/users\/1"}],"replies":[{"embeddable":true,"href":"https:\/\/www.potsdamer-juristische-gesellschaft.de\/index.php\/wp-json\/wp\/v2\/comments?post=8"}],"version-history":[{"count":19,"href":"https:\/\/www.potsdamer-juristische-gesellschaft.de\/index.php\/wp-json\/wp\/v2\/pages\/8\/revisions"}],"predecessor-version":[{"id":1118,"href":"https:\/\/www.potsdamer-juristische-gesellschaft.de\/index.php\/wp-json\/wp\/v2\/pages\/8\/revisions\/1118"}],"wp:attachment":[{"href":"https:\/\/www.potsdamer-juristische-gesellschaft.de\/index.php\/wp-json\/wp\/v2\/media?parent=8"}],"curies":[{"name":"wp","href":"https:\/\/api.w.org\/{rel}","templated":true}]}}